{"id":31,"date":"2020-09-29T14:45:46","date_gmt":"2020-09-29T12:45:46","guid":{"rendered":"https:\/\/www.rw-medizintechnik.at\/?page_id=31"},"modified":"2020-11-23T14:21:35","modified_gmt":"2020-11-23T13:21:35","slug":"datenschutzrichtlinien","status":"publish","type":"page","link":"https:\/\/www.rw-medizintechnik.at\/?page_id=31","title":{"rendered":"Datenschutzrichtlinien"},"content":{"rendered":"\n<p><strong>Datenschutzerkl\u00e4rung<br><\/strong><br>Der Schutz Ihrer pers\u00f6nlichen Daten ist uns ein besonderes Anliegen. Wir verarbeiten Ihre Daten daher ausschlie\u00dflich auf Grundlage der gesetzlichen Bestimmungen (DSGVO, TKG 2003). In diesen Datenschutzinformationen informieren wir Sie \u00fcber die wichtigsten Aspekte der Datenverarbeitung im Rahmen unserer Website.<\/p>\n\n\n\n<p>Die Behandlung der \u00fcberlassenen Daten erfolgt in \u00dcbereinstimmung mit den gesetzlichen Bestimmungen. Der Kunde ist damit einverstanden, dass seine Daten von Medizintechnik Robert Windisch im Rahmen der Vertragsbeziehung elektronisch verarbeitet und gespeichert werden. Die Daten werden nicht unbefugt an Dritte weitergegeben. Zum Zwecke der Kreditpr\u00fcfung und der Bonit\u00e4ts\u00fcberwachung wird Medizintechnik Robert Windisch ggf. ein Datenaustausch mit Kreditdienstleistungsunternehmen vorgenommen. Der Kunde ist damit einverstanden, dass ihm die von Medizintechnik Robert Windisch \u00fcbermittelten Daten auch per e-mail oder sms\/mms \u00fcbertragen werden.<\/p>\n\n\n\n<p>Jeder Kunde hat das Recht, jederzeit \u00fcber die bei Medizintechnik Robert Windisch \u00fcber ihn gespeicherten Daten Auskunft zu verlangen und gegebenenfalls l\u00f6schen zu lassen.<\/p>\n\n\n\n<p><strong>Pers\u00f6nliche Daten<br><\/strong><br>Pers\u00f6nliche Daten, die Sie auf dieser Website elektronisch \u00fcbermitteln, wie zum Beispiel Name, E-Mail-Adresse, Adresse oder andere pers\u00f6nlichen Angaben, werden von uns nur zum jeweils angegebenen Zweck verwendet, sicher verwahrt und nicht an Dritte weitergegeben. Der Provider erhebt und speichert automatisch Informationen am Webserver wie verwendeter Browser, Betriebssystem, Verweisseite, IP-Adresse, Uhrzeit des Zugriffs usw. Diese Daten k\u00f6nnen ohne Pr\u00fcfung weiterer Datenquellen keinen bestimmten Personen zugeordnet werden und wir werten diese Daten auch nicht weiter aus solange keine rechtswidrige Nutzung unserer Webseite vorliegt.<\/p>\n\n\n\n<p><strong>Kontakt mit uns<br><\/strong><br>Wenn Sie per Formular auf der Website oder per E-Mail-Kontakt mit uns aufnehmen, werden Ihre angegebenen Daten zwecks Bearbeitung der Anfrage und f\u00fcr den Fall von Anschlussfragen sechs Wochen bei uns gespeichert. Diese Daten geben wir nicht ohne Ihre Einwilligung weiter.<\/p>\n\n\n\n<p><strong>Cookies<br><\/strong><br>Unsere Website verwendet so genannte Cookies. Dabei handelt es sich um kleine Textdateien, die mit Hilfe des Browsers auf Ihrem Endger\u00e4t abgelegt werden. Sie richten keinen Schaden an. Wir nutzen Cookies dazu, unser Angebot nutzerfreundlich zu gestalten. Einige Cookies bleiben auf Ihrem Endger\u00e4t gespeichert, bis Sie diese l\u00f6schen. Sie erm\u00f6glichen es uns, Ihren Browser beim n\u00e4chsten Besuch wiederzuerkennen.<br>Wenn Sie dies nicht w\u00fcnschen, so k\u00f6nnen Sie Ihren Browser so einrichten, dass er Sie \u00fcber das Setzen von Cookies informiert und Sie dies nur im Einzelfall erlauben. Bei der Deaktivierung von Cookies kann die Funktionalit\u00e4t unserer Website eingeschr\u00e4nkt sein.<\/p>\n\n\n\n<p><strong>Google Maps<br><\/strong><br>Diese Webseite verwendet Google Maps f\u00fcr die Darstellung von Karteninformationen. Bei der Nutzung von Google Maps werden von Google auch Daten \u00fcber die Nutzung der Maps-Funktionen durch Besucher der Webseiten erhoben, verarbeitet und genutzt. N\u00e4here Informationen \u00fcber die Datenverarbeitung durch Google k\u00f6nnen Sie den Datenschutzhinweisen von Google auf <a rel=\"noreferrer noopener\" href=\"https:\/\/www.google.at\/intl\/de\/policies\/privacy\/\" target=\"_blank\">https:\/\/www.google.at\/intl\/de\/policies\/privacy\/<\/a> entnehmen. Dort k\u00f6nnen Sie im Datenschutzcenter auch Ihre Einstellungen ver\u00e4ndern, so dass Sie Ihre Daten verwalten und sch\u00fctzen k\u00f6nnen.<\/p>\n\n\n\n<p><strong>Ihre Rechte<br><\/strong><br>Ihnen stehen grunds\u00e4tzlich die Rechte auf Auskunft, Berichtigung, L\u00f6schung, Einschr\u00e4nkung, Daten\u00fcbertragbarkeit, Widerruf und Widerspruch zu. Wenn Sie glauben, dass die Verarbeitung Ihrer Daten gegen das Datenschutzrecht verst\u00f6\u00dft oder Ihre datenschutzrechtlichen Anspr\u00fcche sonst in einer Weise verletzt worden sind, k\u00f6nnen Sie sich bei der Aufsichtsbeh\u00f6rde beschweren. In \u00d6sterreich ist dies die Datenschutzbeh\u00f6rde.<\/p>\n\n\n\n<p>Sie erreichen uns unter folgenden Kontaktdaten:<\/p>\n\n\n\n<p><strong>RW Medizintechnik<\/strong><br>K\u00e4rntnerstra\u00dfe 3<br>8410 Wildon<\/p>\n\n\n\n<p>Email: <a href=\"mailto:office@rw-medizintechnik.at\">office@rw-medizintechnik.at<\/a><br>Website: <a href=\"https:\/\/www.rw-medizintechnik.at\">https:\/\/www.rw-medizintechnik.at<\/a><\/p>\n","protected":false},"excerpt":{"rendered":"<p>Datenschutzerkl\u00e4rungDer Schutz Ihrer pers\u00f6nlichen Daten ist uns ein besonderes Anliegen. Wir verarbeiten Ihre Daten daher ausschlie\u00dflich auf Grundlage der gesetzlichen Bestimmungen (DSGVO, TKG 2003). In diesen Datenschutzinformationen informieren wir Sie \u00fcber die wichtigsten Aspekte der Datenverarbeitung im Rahmen unserer Website. Die Behandlung der \u00fcberlassenen Daten erfolgt in \u00dcbereinstimmung mit den gesetzlichen Bestimmungen. Der Kunde ist &hellip; <\/p>\n<p class=\"link-more\"><a href=\"https:\/\/www.rw-medizintechnik.at\/?page_id=31\" class=\"more-link\"><span class=\"screen-reader-text\">\u201eDatenschutzrichtlinien\u201c<\/span> weiterlesen<\/a><\/p>\n","protected":false},"author":2,"featured_media":0,"parent":0,"menu_order":0,"comment_status":"closed","ping_status":"closed","template":"","meta":{"ngg_post_thumbnail":0,"footnotes":""},"class_list":["post-31","page","type-page","status-publish","hentry"],"_links":{"self":[{"href":"https:\/\/www.rw-medizintechnik.at\/index.php?rest_route=\/wp\/v2\/pages\/31","targetHints":{"allow":["GET"]}}],"collection":[{"href":"https:\/\/www.rw-medizintechnik.at\/index.php?rest_route=\/wp\/v2\/pages"}],"about":[{"href":"https:\/\/www.rw-medizintechnik.at\/index.php?rest_route=\/wp\/v2\/types\/page"}],"author":[{"embeddable":true,"href":"https:\/\/www.rw-medizintechnik.at\/index.php?rest_route=\/wp\/v2\/users\/2"}],"replies":[{"embeddable":true,"href":"https:\/\/www.rw-medizintechnik.at\/index.php?rest_route=%2Fwp%2Fv2%2Fcomments&post=31"}],"version-history":[{"count":5,"href":"https:\/\/www.rw-medizintechnik.at\/index.php?rest_route=\/wp\/v2\/pages\/31\/revisions"}],"predecessor-version":[{"id":451,"href":"https:\/\/www.rw-medizintechnik.at\/index.php?rest_route=\/wp\/v2\/pages\/31\/revisions\/451"}],"wp:attachment":[{"href":"https:\/\/www.rw-medizintechnik.at\/index.php?rest_route=%2Fwp%2Fv2%2Fmedia&parent=31"}],"curies":[{"name":"wp","href":"https:\/\/api.w.org\/{rel}","templated":true}]}}