{"id":21,"date":"2020-09-29T14:41:10","date_gmt":"2020-09-29T12:41:10","guid":{"rendered":"https:\/\/www.rw-medizintechnik.at\/?page_id=21"},"modified":"2020-11-26T10:56:12","modified_gmt":"2020-11-26T09:56:12","slug":"produkte","status":"publish","type":"page","link":"https:\/\/www.rw-medizintechnik.at\/?page_id=21","title":{"rendered":"Produkte"},"content":{"rendered":"\n<p>Unser Unternehmen, <strong>RW Medizintechnik<\/strong>, steht f\u00fcr hohe Anspr\u00fcche in Design, Material und Technik. Diese Anspr\u00fcche kombinieren wir mit Flexibilit\u00e4t, um f\u00fcr unsere KundInnen medizintechnische Produkte auf Spitzenniveau herzustellen.<\/p>\n\n\n\n<p>Wir entwickeln und fertigen Individuall\u00f6sungen vom Decktisch, Instrumententisch, Desinfektionsmittelst\u00e4nder, Fingerextensionsgestell, Kloben, div. Unterkonstruktionen, Handschuhhalterboxen, Halterungen f\u00fcr Abwurfboxen, bis hin zur Ger\u00e4tenormschiene und vieles mehr.<\/p>\n\n\n\n<p>Beginnend mit der Demozeichnung bzw. dem Ma\u00dfblatt bis hin zur fachgerechten Montage stehen wir Ihnen gerne mit unserem Know-how zur Verf\u00fcgung.<\/p>\n\n\n\n<p>Als weiteres Service bieten wir unseren KundInnen auch Reparaturen von medizinischen Ger\u00e4ten an.<br><\/p>\n\n\n\nngg_shortcode_0_placeholder\n","protected":false},"excerpt":{"rendered":"<p>Unser Unternehmen, RW Medizintechnik, steht f\u00fcr hohe Anspr\u00fcche in Design, Material und Technik. Diese Anspr\u00fcche kombinieren wir mit Flexibilit\u00e4t, um f\u00fcr unsere KundInnen medizintechnische Produkte auf Spitzenniveau herzustellen. Wir entwickeln und fertigen Individuall\u00f6sungen vom Decktisch, Instrumententisch, Desinfektionsmittelst\u00e4nder, Fingerextensionsgestell, Kloben, div. Unterkonstruktionen, Handschuhhalterboxen, Halterungen f\u00fcr Abwurfboxen, bis hin zur Ger\u00e4tenormschiene und vieles mehr. Beginnend mit der &hellip; <\/p>\n<p class=\"link-more\"><a href=\"https:\/\/www.rw-medizintechnik.at\/?page_id=21\" class=\"more-link\"><span class=\"screen-reader-text\">\u201eProdukte\u201c<\/span> weiterlesen<\/a><\/p>\n","protected":false},"author":2,"featured_media":0,"parent":0,"menu_order":0,"comment_status":"closed","ping_status":"closed","template":"","meta":{"ngg_post_thumbnail":0,"footnotes":""},"class_list":["post-21","page","type-page","status-publish","hentry"],"_links":{"self":[{"href":"https:\/\/www.rw-medizintechnik.at\/index.php?rest_route=\/wp\/v2\/pages\/21","targetHints":{"allow":["GET"]}}],"collection":[{"href":"https:\/\/www.rw-medizintechnik.at\/index.php?rest_route=\/wp\/v2\/pages"}],"about":[{"href":"https:\/\/www.rw-medizintechnik.at\/index.php?rest_route=\/wp\/v2\/types\/page"}],"author":[{"embeddable":true,"href":"https:\/\/www.rw-medizintechnik.at\/index.php?rest_route=\/wp\/v2\/users\/2"}],"replies":[{"embeddable":true,"href":"https:\/\/www.rw-medizintechnik.at\/index.php?rest_route=%2Fwp%2Fv2%2Fcomments&post=21"}],"version-history":[{"count":19,"href":"https:\/\/www.rw-medizintechnik.at\/index.php?rest_route=\/wp\/v2\/pages\/21\/revisions"}],"predecessor-version":[{"id":763,"href":"https:\/\/www.rw-medizintechnik.at\/index.php?rest_route=\/wp\/v2\/pages\/21\/revisions\/763"}],"wp:attachment":[{"href":"https:\/\/www.rw-medizintechnik.at\/index.php?rest_route=%2Fwp%2Fv2%2Fmedia&parent=21"}],"curies":[{"name":"wp","href":"https:\/\/api.w.org\/{rel}","templated":true}]}}